{"id":21244,"date":"2026-03-14T10:22:25","date_gmt":"2026-03-14T14:22:25","guid":{"rendered":"https:\/\/www.napolilaw.com\/?page_id=21244"},"modified":"2026-03-17T10:47:01","modified_gmt":"2026-03-17T14:47:01","slug":"landing","status":"publish","type":"page","link":"https:\/\/www.napolilaw.com\/es\/landing\/","title":{"rendered":"Landing"},"content":{"rendered":"<section class=\"section lp-header\" id=\"section_441663298\">\n\t\t<div class=\"section-bg fill\" >\n\t\t\t\t\t\t\t\t\t\n\t\t\t\n\n\t\t<\/div>\n\n\t\t\n\n\t\t<div class=\"section-content relative\">\n\t\t\t\n<div class=\"row row-full-width\"  id=\"row-1334156621\">\n\n\t<div id=\"col-1742712402\" class=\"col medium-6 small-12 large-6\"  >\n\t\t\t\t<div class=\"col-inner text-left\"  >\n\t\t\t\n\t\t\t\n\t<div class=\"img has-hover x md-x lg-x y md-y lg-y\" id=\"image_1650896021\">\n\t\t\t\t\t\t\t\t<div class=\"img-inner dark\" >\n\t\t\t<img decoding=\"async\" width=\"1\" height=\"1\" src=\"https:\/\/www.napolilaw.com\/wp-content\/uploads\/2022\/02\/logo.svg\" class=\"attachment-original size-original\" alt=\"Logotipo de Napoli Law PLLC\" \/>\t\t\t\t\t\t\n\t\t\t\t\t<\/div>\n\t\t\t\t\t\t\t\t\n<style>\n#image_1650896021 {\n  width: 60%;\n}\n<\/style>\n\t<\/div>\n\t\n\t\t<\/div>\n\t\t\t\t\t<\/div>\n\n\t\n\n\t<div id=\"col-1529674237\" class=\"col lp-h-col medium-6 small-12 large-6\"  >\n\t\t\t\t<div class=\"col-inner\"  >\n\t\t\t\n\t\t\t\n\n\t<a class=\"plain\" href=\"tel:%20(646)%20337-1580\" >\t<div class=\"icon-box featured-box icon-box-left text-left\"  >\n\t\t\t\t\t<div class=\"icon-box-img\" style=\"width: 20px\">\n\t\t\t\t<div class=\"icon\">\n\t\t\t\t\t<div class=\"icon-inner\" >\n\t\t\t\t\t\t\t\t\t\t\t<\/div>\n\t\t\t\t<\/div>\n\t\t\t<\/div>\n\t\t\t\t<div class=\"icon-box-text last-reset\">\n\t\t\t<h5 class=\"uppercase\">(646) 337-1580<\/h5>\t\t\t\t\t\t\n\t\t<\/div>\n\t<\/div>\n\t<\/a>\n\t\n<a class=\"button primary reveal-icon\" >\n\t<i class=\"icon-angle-right\" aria-hidden=\"true\"><\/i>\t<span>Cont\u00e1ctenos<\/span>\n\t<\/a>\n\n\t\t<\/div>\n\t\t\t\t\t<\/div>\n\n\t\n\n<style>\n#row-1334156621 > .col > .col-inner {\n  padding: 0px 90px 0px 90px;\n}\n<\/style>\n<\/div>\n\t\t<\/div>\n\n\t\t\n<style>\n#section_441663298 {\n  padding-top: 15px;\n  padding-bottom: 15px;\n}\n<\/style>\n\t<\/section>\n\t\n\n\t<section class=\"section\" id=\"section_1347941534\">\n\t\t<div class=\"section-bg fill\" >\n\t\t\t\t\t\t\t\t\t\n\t\t\t\n\n\t\t<\/div>\n\n\t\t\n\n\t\t<div class=\"section-content relative\">\n\t\t\t\n<div class=\"row row-full-width\"  id=\"row-1853659725\">\n\n\t<div id=\"col-1099455272\" class=\"col medium-6 small-12 large-6\"  >\n\t\t\t\t<div class=\"col-inner\"  >\n\t\t\t\n\t\t\t\n\t\t<\/div>\n\t\t\t\t\t<\/div>\n\n\t\n\n\t<div id=\"col-1819814335\" class=\"col medium-6 small-12 large-6\"  >\n\t\t\t\t<div class=\"col-inner\"  >\n\t\t\t\n\t\t\t\n\t\t<\/div>\n\t\t\t\t\t<\/div>\n\n\t\n<\/div>\n\t\t<\/div>\n\n\t\t\n<style>\n#section_1347941534 {\n  padding-top: 90px;\n  padding-bottom: 90px;\n}\n<\/style>\n\t<\/section>\n\t\n\n\t<section class=\"section\" id=\"section_1255789386\">\n\t\t<div class=\"section-bg fill\" >\n\t\t\t\t\t\t\t\t\t\n\t\t\t\n\n\t\t<\/div>\n\n\t\t\n\n\t\t<div class=\"section-content relative\">\n\t\t\t\n<div class=\"row align-middle align-center\" style=\"max-width:1350px\" id=\"row-2004620278\">\n\n\t<div id=\"col-1788167414\" class=\"col medium-10 small-12 large-6\"  >\n\t\t\t\t<div class=\"col-inner\"  >\n\t\t\t\n\t\t\t\n\t<div class=\"img has-hover x md-x lg-x y md-y lg-y\" id=\"image_503966655\">\n\t\t\t\t\t\t\t\t<div class=\"img-inner image-cover dark\" style=\"padding-top:100%;\">\n\t\t\t<img fetchpriority=\"high\" decoding=\"async\" width=\"725\" height=\"782\" src=\"https:\/\/www.napolilaw.com\/wp-content\/uploads\/2026\/03\/Rectangle-6-2.png\" class=\"attachment-original size-original\" alt=\"\" srcset=\"https:\/\/www.napolilaw.com\/wp-content\/uploads\/2026\/03\/Rectangle-6-2.png 725w, https:\/\/www.napolilaw.com\/wp-content\/uploads\/2026\/03\/Rectangle-6-2-464x500.png 464w, https:\/\/www.napolilaw.com\/wp-content\/uploads\/2026\/03\/Rectangle-6-2-11x12.png 11w\" sizes=\"(max-width: 725px) 100vw, 725px\">\t\t\t\t\t\t\n\t\t\t\t\t<\/div>\n\t\t\t\t\t\t\t\t\n<style>\n#image_503966655 {\n  width: 100%;\n}\n@media (min-width:850px) {\n  #image_503966655 {\n    width: 100%;\n  }\n}\n<\/style>\n\t<\/div>\n\t\n\t\t<\/div>\n\t\t\t\t\n<style>\n#col-1788167414 > .col-inner {\n  max-width: 100%;\n}\n<\/style>\n\t<\/div>\n\n\t\n\n\t<div id=\"col-1582552964\" class=\"col medium-10 small-12 large-6\"  >\n\t\t\t\t<div class=\"col-inner\"  >\n\t\t\t\n\t\t\t\n\t<div id=\"text-515727833\" class=\"text\">\n\t\t\n<h6><strong>Why Choose Us?<\/strong><\/h6>\n\t\t\n<style>\n#text-515727833 {\n  font-size: 1.25rem;\n  color: rgb(41, 141, 205);\n}\n#text-515727833 > * {\n  color: rgb(41, 141, 205);\n}\n@media (min-width:550px) {\n  #text-515727833 {\n    font-size: 1.3rem;\n  }\n}\n<\/style>\n\t<\/div>\n\t\n\t<div id=\"text-3550248462\" class=\"text\">\n\t\t\n<h2>We Fight for You and Your Family<\/h2>\n\t\t\n<style>\n#text-3550248462 {\n  font-size: 1.25rem;\n  color: rgb(34, 34, 34);\n}\n#text-3550248462 > * {\n  color: rgb(34, 34, 34);\n}\n@media (min-width:550px) {\n  #text-3550248462 {\n    font-size: 1.3rem;\n  }\n}\n<\/style>\n\t<\/div>\n\t\n\t<div id=\"text-3068293699\" class=\"text\">\n\t\t\n<p>At Napoli Law, we understand that your legal matter is serious. We are committed to ensuring our clients receive the justice they deserve for their injuries. As a national law firm, we are here to support you and your family during difficult times.<\/p>\n\t\t\n<style>\n#text-3068293699 {\n  color: rgb(34, 34, 34);\n}\n#text-3068293699 > * {\n  color: rgb(34, 34, 34);\n}\n<\/style>\n\t<\/div>\n\t\n<div class=\"row\"  id=\"row-1423417028\">\n\n\t<div id=\"col-1718779511\" class=\"col medium-6 small-12 large-6\"  >\n\t\t\t\t<div class=\"col-inner\"  >\n\t\t\t\n\t\t\t\n\n\t\t<div class=\"icon-box featured-box icon-box-left text-left\"  >\n\t\t\t\t\t<div class=\"icon-box-img\" style=\"width: 30px\">\n\t\t\t\t<div class=\"icon\">\n\t\t\t\t\t<div class=\"icon-inner\" >\n\t\t\t\t\t\t<img decoding=\"async\" width=\"500\" height=\"500\" src=\"https:\/\/www.napolilaw.com\/wp-content\/uploads\/2026\/03\/dollar.svg\" class=\"attachment-medium size-medium\" alt=\"\">\t\t\t\t\t<\/div>\n\t\t\t\t<\/div>\n\t\t\t<\/div>\n\t\t\t\t<div class=\"icon-box-text last-reset\">\n\t\t\t\t\t\t\t\t\t\n\t<div id=\"text-2250610557\" class=\"text\">\n\t\t\n<h4><strong>No Fees Unless We Win<\/strong><\/h4>\n<p>You pay nothing unless we win your case.<\/p>\n<p>\u00a0<\/p>\n\t\t\n<style>\n#text-2250610557 {\n  color: rgb(34, 34, 34);\n}\n#text-2250610557 > * {\n  color: rgb(34, 34, 34);\n}\n<\/style>\n\t<\/div>\n\t\n\t\t<\/div>\n\t<\/div>\n\t\n\t\n\n\t\t<div class=\"icon-box featured-box icon-box-left text-left\"  style=\"margin:30px 0px 0px 0px;\">\n\t\t\t\t\t<div class=\"icon-box-img\" style=\"width: 30px\">\n\t\t\t\t<div class=\"icon\">\n\t\t\t\t\t<div class=\"icon-inner\" >\n\t\t\t\t\t\t<img loading=\"lazy\" decoding=\"async\" width=\"500\" height=\"500\" src=\"https:\/\/www.napolilaw.com\/wp-content\/uploads\/2026\/03\/user.svg\" class=\"attachment-medium size-medium\" alt=\"\">\t\t\t\t\t<\/div>\n\t\t\t\t<\/div>\n\t\t\t<\/div>\n\t\t\t\t<div class=\"icon-box-text last-reset\">\n\t\t\t\t\t\t\t\t\t\n\t<div id=\"text-2269434521\" class=\"text\">\n\t\t\n<h4><strong>150+ Years of Experience<\/strong><\/h4>\n<p>Experienced attorneys fighting for you.<\/p>\n\t\t\n<style>\n#text-2269434521 {\n  color: rgb(34, 34, 34);\n}\n#text-2269434521 > * {\n  color: rgb(34, 34, 34);\n}\n<\/style>\n\t<\/div>\n\t\n\t\t<\/div>\n\t<\/div>\n\t\n\t\n\t\t<\/div>\n\t\t\t\t\t<\/div>\n\n\t\n\n\t<div id=\"col-2082806363\" class=\"col medium-6 small-12 large-6\"  >\n\t\t\t\t<div class=\"col-inner\"  >\n\t\t\t\n\t\t\t\n\n\t\t<div class=\"icon-box featured-box icon-box-left text-left\"  >\n\t\t\t\t\t<div class=\"icon-box-img\" style=\"width: 30px\">\n\t\t\t\t<div class=\"icon\">\n\t\t\t\t\t<div class=\"icon-inner\" >\n\t\t\t\t\t\t<img loading=\"lazy\" decoding=\"async\" width=\"500\" height=\"500\" src=\"https:\/\/www.napolilaw.com\/wp-content\/uploads\/2026\/03\/law.svg\" class=\"attachment-medium size-medium\" alt=\"\">\t\t\t\t\t<\/div>\n\t\t\t\t<\/div>\n\t\t\t<\/div>\n\t\t\t\t<div class=\"icon-box-text last-reset\">\n\t\t\t\t\t\t\t\t\t\n\t<div id=\"text-623578241\" class=\"text\">\n\t\t\n<h4><strong>Over $20 Billion Recovered<\/strong><\/h4>\n<p>Record-setting compensation secured.<\/p>\n\t\t\n<style>\n#text-623578241 {\n  color: rgb(34, 34, 34);\n}\n#text-623578241 > * {\n  color: rgb(34, 34, 34);\n}\n<\/style>\n\t<\/div>\n\t\n\t\t<\/div>\n\t<\/div>\n\t\n\t\n\n\t\t<div class=\"icon-box featured-box icon-box-left text-left\"  style=\"margin:50px 0px 0px 0px;\">\n\t\t\t\t\t<div class=\"icon-box-img\" style=\"width: 30px\">\n\t\t\t\t<div class=\"icon\">\n\t\t\t\t\t<div class=\"icon-inner\" >\n\t\t\t\t\t\t<img loading=\"lazy\" decoding=\"async\" width=\"500\" height=\"500\" src=\"https:\/\/www.napolilaw.com\/wp-content\/uploads\/2026\/03\/chat.svg\" class=\"attachment-medium size-medium\" alt=\"\">\t\t\t\t\t<\/div>\n\t\t\t\t<\/div>\n\t\t\t<\/div>\n\t\t\t\t<div class=\"icon-box-text last-reset\">\n\t\t\t\t\t\t\t\t\t\n\t<div id=\"text-502590297\" class=\"text\">\n\t\t\n<h4><strong>We are Bilingual<\/strong><\/h4>\n<p>Whether you speak Spanish or English, our team can help you.<\/p>\n\t\t\n<style>\n#text-502590297 {\n  color: rgb(34, 34, 34);\n}\n#text-502590297 > * {\n  color: rgb(34, 34, 34);\n}\n<\/style>\n\t<\/div>\n\t\n\t\t<\/div>\n\t<\/div>\n\t\n\t\n\t\t<\/div>\n\t\t\t\t\t<\/div>\n\n\t\n<\/div>\n<a href=\"tel:8666799137\" class=\"button primary lowercase\" style=\"border-radius:10px;\">\n\t<i class=\"icon-phone\" aria-hidden=\"true\"><\/i>\t<span>Cont\u00e1ctenos<\/span>\n\t<\/a>\n\n<a href=\"#top\" class=\"button primary is-outline lowercase\" style=\"border-radius:10px;\">\n\t<i class=\"icon-angle-down\" aria-hidden=\"true\"><\/i>\t<span>Start Free, Private Case Review<\/span>\n\t<\/a>\n\n<div class=\"is-divider divider clearfix\" style=\"max-width:100%;height:1px;\"><\/div>\n\t\t<\/div>\n\t\t\t\t\n<style>\n#col-1582552964 > .col-inner {\n  padding: 0px 0px 0px 0px;\n}\n@media (min-width:850px) {\n  #col-1582552964 > .col-inner {\n    padding: 0px 0px 0px 40px;\n  }\n}\n<\/style>\n\t<\/div>\n\n\t\n\n<style>\n#row-2004620278 > .col > .col-inner {\n  padding: 80px 0px 80px 0px;\n}\n<\/style>\n<\/div>\n\t\t<\/div>\n\n\t\t\n<style>\n#section_1255789386 {\n  padding-top: 0px;\n  padding-bottom: 0px;\n  background-color: rgb(255, 255, 255);\n}\n<\/style>\n\t<\/section>\n\t\n\n\t<section class=\"section\" id=\"section_1614270067\">\n\t\t<div class=\"section-bg fill\" >\n\t\t\t\t\t\t\t\t\t\n\t\t\t\n\n\t\t<\/div>\n\n\t\t\n\n\t\t<div class=\"section-content relative\">\n\t\t\t\n\t<div id=\"text-3648134655\" class=\"text\">\n\t\t\n<h2 style=\"text-align: center;\"><span style=\"color:#fff;\">How the Process <\/span>Works<\/h2>\n\t\t\n<style>\n#text-3648134655 {\n  text-align: center;\n  color: rgb(41, 141, 205);\n}\n#text-3648134655 > * {\n  color: rgb(41, 141, 205);\n}\n<\/style>\n\t<\/div>\n\t\n<div class=\"row\"  id=\"row-560378789\">\n\n\t<div id=\"col-1552684862\" class=\"col medium-4 small-12 large-4\"  >\n\t\t\t\t<div class=\"col-inner\"  >\n\t\t\t\n\t\t\t\n\t<div class=\"img has-hover x md-x lg-x y md-y lg-y\" id=\"image_407644236\">\n\t\t\t\t\t\t\t\t<div class=\"img-inner dark\" >\n\t\t\t<img loading=\"lazy\" decoding=\"async\" width=\"467\" height=\"330\" src=\"https:\/\/www.napolilaw.com\/wp-content\/uploads\/2026\/03\/1.png\" class=\"attachment-large size-large\" alt=\"\" srcset=\"https:\/\/www.napolilaw.com\/wp-content\/uploads\/2026\/03\/1.png 467w, https:\/\/www.napolilaw.com\/wp-content\/uploads\/2026\/03\/1-18x12.png 18w\" sizes=\"(max-width: 467px) 100vw, 467px\">\t\t\t\t\t\t\n\t\t\t\t\t<\/div>\n\t\t\t\t\t\t\t\t\n<style>\n#image_407644236 {\n  width: 100%;\n}\n<\/style>\n\t<\/div>\n\t\n\t\t<\/div>\n\t\t\t\t\t<\/div>\n\n\t\n\n\t<div id=\"col-986812672\" class=\"col medium-4 small-12 large-4\"  >\n\t\t\t\t<div class=\"col-inner\"  >\n\t\t\t\n\t\t\t\n\t<div class=\"img has-hover x md-x lg-x y md-y lg-y\" id=\"image_1008077165\">\n\t\t\t\t\t\t\t\t<div class=\"img-inner dark\" >\n\t\t\t<img loading=\"lazy\" decoding=\"async\" width=\"467\" height=\"330\" src=\"https:\/\/www.napolilaw.com\/wp-content\/uploads\/2026\/03\/2.png\" class=\"attachment-large size-large\" alt=\"\" srcset=\"https:\/\/www.napolilaw.com\/wp-content\/uploads\/2026\/03\/2.png 467w, https:\/\/www.napolilaw.com\/wp-content\/uploads\/2026\/03\/2-18x12.png 18w\" sizes=\"(max-width: 467px) 100vw, 467px\">\t\t\t\t\t\t\n\t\t\t\t\t<\/div>\n\t\t\t\t\t\t\t\t\n<style>\n#image_1008077165 {\n  width: 100%;\n}\n<\/style>\n\t<\/div>\n\t\n\t\t<\/div>\n\t\t\t\t\t<\/div>\n\n\t\n\n\t<div id=\"col-1318953520\" class=\"col medium-4 small-12 large-4\"  >\n\t\t\t\t<div class=\"col-inner\"  >\n\t\t\t\n\t\t\t\n\t<div class=\"img has-hover x md-x lg-x y md-y lg-y\" id=\"image_655242035\">\n\t\t\t\t\t\t\t\t<div class=\"img-inner dark\" >\n\t\t\t<img loading=\"lazy\" decoding=\"async\" width=\"467\" height=\"330\" src=\"https:\/\/www.napolilaw.com\/wp-content\/uploads\/2026\/03\/3.png\" class=\"attachment-large size-large\" alt=\"\" srcset=\"https:\/\/www.napolilaw.com\/wp-content\/uploads\/2026\/03\/3.png 467w, https:\/\/www.napolilaw.com\/wp-content\/uploads\/2026\/03\/3-18x12.png 18w\" sizes=\"(max-width: 467px) 100vw, 467px\">\t\t\t\t\t\t\n\t\t\t\t\t<\/div>\n\t\t\t\t\t\t\t\t\n<style>\n#image_655242035 {\n  width: 100%;\n}\n<\/style>\n\t<\/div>\n\t\n\t\t<\/div>\n\t\t\t\t\t<\/div>\n\n\t\n<\/div>\n\t<div id=\"text-1291246133\" class=\"text\">\n\t\t\n<p style=\"text-align: center;\">Taking action today helps protect your legal rights and can bring you closer to the justice you deserve.<\/p>\n\t\t\n<style>\n#text-1291246133 {\n  color: rgb(255, 255, 255);\n}\n#text-1291246133 > * {\n  color: rgb(255, 255, 255);\n}\n<\/style>\n\t<\/div>\n\t\n<div class=\"row\"  id=\"row-1973269531\">\n\n\t<div id=\"col-845818704\" class=\"col small-12 large-12\"  >\n\t\t\t\t<div class=\"col-inner text-center\"  >\n\t\t\t\n\t\t\t\n<a href=\"#top\" class=\"button primary lowercase\" style=\"border-radius:10px;\">\n\t\t<span>Start Your Case Evaluation<\/span>\n\t<\/a>\n\n\t\t<\/div>\n\t\t\t\t\n<style>\n#col-845818704 > .col-inner {\n  padding: 0px 0px 0px 0px;\n}\n<\/style>\n\t<\/div>\n\n\t\n<\/div>\n\t\t<\/div>\n\n\t\t\n<style>\n#section_1614270067 {\n  padding-top: 30px;\n  padding-bottom: 30px;\n  min-height: 750px;\n  background-color: rgb(18, 49, 87);\n}\n<\/style>\n\t<\/section>\n\t\n\n\t<section class=\"section\" id=\"section_182075109\">\n\t\t<div class=\"section-bg fill\" >\n\t\t\t\t\t\t\t\t\t\n\t\t\t\n\n\t\t<\/div>\n\n\t\t\n\n\t\t<div class=\"section-content relative\">\n\t\t\t\n<div class=\"row align-center\"  id=\"row-895756420\">\n\n\t<div id=\"col-2108840936\" class=\"col small-12 large-12\"  >\n\t\t\t\t<div class=\"col-inner text-center\"  >\n\t\t\t\n\t\t\t\n<a class=\"button primary is-outline lowercase\" style=\"border-radius:10px;\">\n\t\t<span>Proven Results<\/span>\n\t<\/a>\n\n\t<div id=\"text-2071419132\" class=\"text\">\n\t\t\n<h2><span style=\"color:#fff;\">Verdicts and\u00a0<\/span>Recent Settlements<\/h2>\n\t\t\n<style>\n#text-2071419132 {\n  text-align: center;\n  color: rgb(41, 141, 205);\n}\n#text-2071419132 > * {\n  color: rgb(41, 141, 205);\n}\n<\/style>\n\t<\/div>\n\t\n\t<div id=\"text-1471475873\" class=\"text\">\n\t\t\n<p>These are just a few of the real results we have achieved for our clients. Every case is different, but we fight to maximize your compensation.<\/p>\n\t\t\n<style>\n#text-1471475873 {\n  text-align: center;\n  color: rgb(255, 255, 255);\n}\n#text-1471475873 > * {\n  color: rgb(255, 255, 255);\n}\n<\/style>\n\t<\/div>\n\t\n<div class=\"row align-middle align-center\"  id=\"row-980190214\">\n\n\t<div id=\"col-146291067\" class=\"col medium-4 small-12 large-4\"  >\n\t\t\t\t<div class=\"col-inner\"  >\n\t\t\t\n\t\t\t\n\n\t\t<div class=\"icon-box featured-box icon-box-center text-center\"  >\n\t\t\t\t\t<div class=\"icon-box-img\" style=\"width: 60px\">\n\t\t\t\t<div class=\"icon\">\n\t\t\t\t\t<div class=\"icon-inner\" >\n\t\t\t\t\t\t<?xml version=\"1.0\" encoding=\"utf-8\"?>\n<!DOCTYPE svg PUBLIC \"-\/\/W3C\/\/DTD SVG 1.1\/\/EN\" \"http:\/\/www.w3.org\/Graphics\/SVG\/1.1\/DTD\/svg11.dtd\">\n<svg xmlns=\"http:\/\/www.w3.org\/2000\/svg\" width=\"26\" height=\"15\" viewbox=\"0 0 26 15\" fill=\"none\"><path d=\"M7.43156 8.32121L14.4618 13.3815L23.8148 2.92814V6.7476H25.4871V0H18.7378V1.67227H22.6944L14.216 11.1457L7.31116 6.17234L0 12.7878L1.12209 14.027L7.43156 8.32121Z\" fill=\"#298DCD\"\/><\/svg>\n\t\t\t\t\t<\/div>\n\t\t\t\t<\/div>\n\t\t\t<\/div>\n\t\t\t\t<div class=\"icon-box-text last-reset\">\n\t\t\t\t\t\t\t\t\t\n\t<div id=\"text-2916987331\" class=\"text\">\n\t\t\n<h3 style=\"text-align: center;\">$2,800,000<br \/><span style=\"color: #fff; font-size: 14.4px;\">Asentamiento<br \/><\/span><span style=\"font-size: 14.4px;\">Construction Site Accident<\/span><\/h3>\n\t\t\n<style>\n#text-2916987331 {\n  text-align: center;\n  color: rgb(255, 255, 255);\n}\n#text-2916987331 > * {\n  color: rgb(255, 255, 255);\n}\n<\/style>\n\t<\/div>\n\t\n<a class=\"button primary is-outline lowercase\" style=\"border-radius:99px;\">\n\t\t<span>Lesiones Personales<\/span>\n\t<\/a>\n\n\t\t<\/div>\n\t<\/div>\n\t\n\t\n\t\t<\/div>\n\t\t\t\t\t<\/div>\n\n\t\n\n\t<div id=\"col-1919275699\" class=\"col medium-4 small-12 large-4\"  >\n\t\t\t\t<div class=\"col-inner\"  >\n\t\t\t\n\t\t\t\n\n\t\t<div class=\"icon-box featured-box icon-box-center text-center\"  >\n\t\t\t\t\t<div class=\"icon-box-img\" style=\"width: 60px\">\n\t\t\t\t<div class=\"icon\">\n\t\t\t\t\t<div class=\"icon-inner\" >\n\t\t\t\t\t\t<?xml version=\"1.0\" encoding=\"utf-8\"?>\n<!DOCTYPE svg PUBLIC \"-\/\/W3C\/\/DTD SVG 1.1\/\/EN\" \"http:\/\/www.w3.org\/Graphics\/SVG\/1.1\/DTD\/svg11.dtd\">\n<svg xmlns=\"http:\/\/www.w3.org\/2000\/svg\" width=\"26\" height=\"15\" viewbox=\"0 0 26 15\" fill=\"none\"><path d=\"M7.43156 8.32121L14.4618 13.3815L23.8148 2.92814V6.7476H25.4871V0H18.7378V1.67227H22.6944L14.216 11.1457L7.31116 6.17234L0 12.7878L1.12209 14.027L7.43156 8.32121Z\" fill=\"#298DCD\"\/><\/svg>\n\t\t\t\t\t<\/div>\n\t\t\t\t<\/div>\n\t\t\t<\/div>\n\t\t\t\t<div class=\"icon-box-text last-reset\">\n\t\t\t\t\t\t\t\t\t\n\t<div id=\"text-3473194895\" class=\"text\">\n\t\t\n<h3 style=\"text-align: center;\">$1,500,000<br \/><span style=\"color: #fff; font-size: 14.4px;\">Asentamiento<br \/><\/span><span style=\"font-size: 14.4px;\">Auto Accident<\/span><\/h3>\n\t\t\n<style>\n#text-3473194895 {\n  text-align: center;\n  color: rgb(255, 255, 255);\n}\n#text-3473194895 > * {\n  color: rgb(255, 255, 255);\n}\n<\/style>\n\t<\/div>\n\t\n<a class=\"button primary is-outline lowercase\" style=\"border-radius:99px;\">\n\t\t<span>Lesiones Personales<\/span>\n\t<\/a>\n\n\t\t<\/div>\n\t<\/div>\n\t\n\t\n\t\t<\/div>\n\t\t\t\t\t<\/div>\n\n\t\n\n\t<div id=\"col-1466339364\" class=\"col medium-4 small-12 large-4\"  >\n\t\t\t\t<div class=\"col-inner\"  >\n\t\t\t\n\t\t\t\n\n\t\t<div class=\"icon-box featured-box icon-box-center text-center\"  >\n\t\t\t\t\t<div class=\"icon-box-img\" style=\"width: 60px\">\n\t\t\t\t<div class=\"icon\">\n\t\t\t\t\t<div class=\"icon-inner\" >\n\t\t\t\t\t\t<?xml version=\"1.0\" encoding=\"utf-8\"?>\n<!DOCTYPE svg PUBLIC \"-\/\/W3C\/\/DTD SVG 1.1\/\/EN\" \"http:\/\/www.w3.org\/Graphics\/SVG\/1.1\/DTD\/svg11.dtd\">\n<svg xmlns=\"http:\/\/www.w3.org\/2000\/svg\" width=\"26\" height=\"15\" viewbox=\"0 0 26 15\" fill=\"none\"><path d=\"M7.43156 8.32121L14.4618 13.3815L23.8148 2.92814V6.7476H25.4871V0H18.7378V1.67227H22.6944L14.216 11.1457L7.31116 6.17234L0 12.7878L1.12209 14.027L7.43156 8.32121Z\" fill=\"#298DCD\"\/><\/svg>\n\t\t\t\t\t<\/div>\n\t\t\t\t<\/div>\n\t\t\t<\/div>\n\t\t\t\t<div class=\"icon-box-text last-reset\">\n\t\t\t\t\t\t\t\t\t\n\t<div id=\"text-1944345798\" class=\"text\">\n\t\t\n<h3 style=\"text-align: center;\">$500,000<br \/><span style=\"color: #fff; font-size: 14.4px;\">Asentamiento<br \/><\/span><span style=\"font-size: 14.4px;\">Accidente automovilistico<\/span><\/h3>\n\t\t\n<style>\n#text-1944345798 {\n  text-align: center;\n  color: rgb(255, 255, 255);\n}\n#text-1944345798 > * {\n  color: rgb(255, 255, 255);\n}\n<\/style>\n\t<\/div>\n\t\n<a class=\"button primary is-outline lowercase\" style=\"border-radius:99px;\">\n\t\t<span>Lesiones Personales<\/span>\n\t<\/a>\n\n\t\t<\/div>\n\t<\/div>\n\t\n\t\n\t\t<\/div>\n\t\t\t\t\t<\/div>\n\n\t\n\n<style>\n#row-980190214 > .col > .col-inner {\n  padding: 20px 20px 20px 20px;\n  background-color: rgb(85, 121, 142);\n  border-radius: 15px;\n}\n<\/style>\n<\/div>\n\t\t<\/div>\n\t\t\t\t\n<style>\n#col-2108840936 > .col-inner {\n  padding: 60px 0px 0px 0px;\n}\n<\/style>\n\t<\/div>\n\n\t\n<\/div>\n\t<div id=\"text-3042568315\" class=\"text\">\n\t\t\n<p style=\"text-align: center;\"><em>* Results may vary depending on the individual facts and legal circumstances of each case. No result shown on this website <br \/>has been approved or authorized by any state or federal court.<\/em><\/p>\n\t\t\n<style>\n#text-3042568315 {\n  text-align: center;\n  color: rgb(255, 255, 255);\n}\n#text-3042568315 > * {\n  color: rgb(255, 255, 255);\n}\n<\/style>\n\t<\/div>\n\t\n<div class=\"row\"  id=\"row-635041448\">\n\n\t<div id=\"col-1657119100\" class=\"col small-12 large-12\"  >\n\t\t\t\t<div class=\"col-inner text-center\"  >\n\t\t\t\n\t\t\t\n<a href=\"#top\" class=\"button primary lowercase\" style=\"border-radius:10px;\">\n\t\t<span>Review My Case for Free<\/span>\n\t<\/a>\n\n\t\t<\/div>\n\t\t\t\t\t<\/div>\n\n\t\n<\/div>\n\t\t<\/div>\n\n\t\t\n<style>\n#section_182075109 {\n  padding-top: 30px;\n  padding-bottom: 30px;\n  background-color: rgb(14, 52, 79);\n}\n<\/style>\n\t<\/section>\n\t\n\n\t<section class=\"section\" id=\"section_793219218\">\n\t\t<div class=\"section-bg fill\" >\n\t\t\t\t\t\t\t\t\t\n\t\t\t\n\n\t\t<\/div>\n\n\t\t\n\n\t\t<div class=\"section-content relative\">\n\t\t\t\n\t<div id=\"text-1990311014\" class=\"text\">\n\t\t\n<p style=\"text-align: center;\"><em>Napoli Shkolnik \u00a9 2026. All Rights Reserved. |<a href=\"https:\/\/www.napolilaw.com\/en\/privacy-policy\/\">\u00a0Pol\u00edtica de privacidad<\/a>\u00a0|\u00a0<a href=\"https:\/\/www.napolilaw.com\/en\/terms-of-use\/\">Condiciones de uso<\/a><\/em><\/p>\n<p style=\"text-align: center;\"><em>Napoli Shkolnik es una marca registrada de NSPR Legal Services LLC, una corporaci\u00f3n de responsabilidad limitada de Puerto Rico.<\/em><br \/><em>Publicidad de abogados. La informaci\u00f3n en este sitio web es solo para fines de informaci\u00f3n general. Nada en este sitio debe tomarse como consejo legal para ning\u00fan caso o situaci\u00f3n individual. Esta informaci\u00f3n no tiene la intenci\u00f3n de crear, y su recepci\u00f3n o visualizaci\u00f3n no constituye una relaci\u00f3n abogado-cliente. Los resultados anteriores mencionados en este sitio no garantizan resultados futuros.<\/em><\/p>\n\t\t\n<style>\n#text-1990311014 {\n  text-align: center;\n  color: rgb(255, 255, 255);\n}\n#text-1990311014 > * {\n  color: rgb(255, 255, 255);\n}\n<\/style>\n\t<\/div>\n\t\n\t\t<\/div>\n\n\t\t\n<style>\n#section_793219218 {\n  padding-top: 60px;\n  padding-bottom: 60px;\n  background-color: rgb(14, 30, 47);\n}\n<\/style>\n\t<\/section>","protected":false},"excerpt":{"rendered":"","protected":false},"author":28,"featured_media":0,"parent":0,"menu_order":0,"comment_status":"closed","ping_status":"closed","template":"page-blank-landingpage.php","meta":{"_acf_changed":false,"inline_featured_image":false,"footnotes":""},"class_list":["post-21244","page","type-page","status-publish","hentry"],"acf":[],"page_builder_type":"gutenberg","gutenberg_data":[],"_links":{"self":[{"href":"https:\/\/www.napolilaw.com\/es\/wp-json\/wp\/v2\/pages\/21244","targetHints":{"allow":["GET"]}}],"collection":[{"href":"https:\/\/www.napolilaw.com\/es\/wp-json\/wp\/v2\/pages"}],"about":[{"href":"https:\/\/www.napolilaw.com\/es\/wp-json\/wp\/v2\/types\/page"}],"author":[{"embeddable":true,"href":"https:\/\/www.napolilaw.com\/es\/wp-json\/wp\/v2\/users\/28"}],"replies":[{"embeddable":true,"href":"https:\/\/www.napolilaw.com\/es\/wp-json\/wp\/v2\/comments?post=21244"}],"version-history":[{"count":0,"href":"https:\/\/www.napolilaw.com\/es\/wp-json\/wp\/v2\/pages\/21244\/revisions"}],"wp:attachment":[{"href":"https:\/\/www.napolilaw.com\/es\/wp-json\/wp\/v2\/media?parent=21244"}],"curies":[{"name":"wp","href":"https:\/\/api.w.org\/{rel}","templated":true}]}}