{"id":21104,"date":"2026-02-23T10:08:54","date_gmt":"2026-02-23T15:08:54","guid":{"rendered":"https:\/\/www.napolilaw.com\/?page_id=21104"},"modified":"2026-02-24T17:41:35","modified_gmt":"2026-02-24T22:41:35","slug":"roundup-updates","status":"publish","type":"page","link":"https:\/\/www.napolilaw.com\/es\/roundup-updates\/","title":{"rendered":"Roundup Updates"},"content":{"rendered":"<section class=\"section fixed-container\" id=\"section_1879218362\">\n\t\t<div class=\"section-bg fill\" >\n\t\t\t<img fetchpriority=\"high\" decoding=\"async\" width=\"1920\" height=\"1007\" src=\"https:\/\/www.napolilaw.com\/wp-content\/uploads\/2025\/09\/FarmersNS.webp\" class=\"bg attachment- size-\" alt=\"\">\t\t\t\t\t\t<div class=\"section-bg-overlay absolute fill\"><\/div>\n\t\t\t\n\n\t\t<\/div>\n\n\t\t\n\n\t\t<div class=\"section-content relative\">\n\t\t\t\n\n\t<div id=\"gap-1998318350\" class=\"gap-element clearfix\" style=\"display:block; height:auto;\">\n\t\t\n<style>\n#gap-1998318350 {\n  padding-top: 90px;\n}\n<\/style>\n\t<\/div>\n\t\n\n\t<div id=\"gap-413698611\" class=\"gap-element clearfix\" style=\"display:block; height:auto;\">\n\t\t\n<style>\n#gap-413698611 {\n  padding-top: 30px;\n}\n<\/style>\n\t<\/div>\n\t\n\n<div class=\"row row-collapse row-full-width align-middle align-center fixed-header\"  id=\"row-630830530\">\n\n\n\t<div id=\"col-1907002726\" class=\"col pb-0 small-12 large-12\"  >\n\t\t\t\t<div class=\"col-inner\"  >\n\t\t\t\n\t\t\t\n\n<div class=\"row row-small align-middle align-center\" style=\"max-width:1200px\" id=\"row-707624460\">\n\n\n\t<div id=\"col-756172408\" class=\"col pb-0 medium-3 small-6 large-3\"  >\n\t\t\t\t<div class=\"col-inner\"  >\n\t\t\t\n\t\t\t\n\n\t<div class=\"img has-hover x md-x lg-x y md-y lg-y\" id=\"image_1648726011\">\n\t\t\t\t\t\t\t\t<div class=\"img-inner dark\" style=\"margin:0px 0px 25px 0px;\">\n\t\t\t<img decoding=\"async\" width=\"500\" height=\"158\" src=\"https:\/\/www.napolilaw.com\/wp-content\/uploads\/2025\/08\/logo-light-alt.png\" class=\"attachment-large size-large\" alt=\"\" srcset=\"https:\/\/www.napolilaw.com\/wp-content\/uploads\/2025\/08\/logo-light-alt.png 500w, https:\/\/www.napolilaw.com\/wp-content\/uploads\/2025\/08\/logo-light-alt-18x6.png 18w\" sizes=\"(max-width: 500px) 100vw, 500px\">\t\t\t\t\t\t\n\t\t\t\t\t<\/div>\n\t\t\t\t\t\t\t\t\n<style>\n#image_1648726011 {\n  width: 100%;\n}\n@media (min-width:550px) {\n  #image_1648726011 {\n    width: 100%;\n  }\n}\n<\/style>\n\t<\/div>\n\t\n\n\n\t\t<\/div>\n\t\t\t\t\t<\/div>\n\n\t\n\n\t<div id=\"col-1703842412\" class=\"col medium-9 small-6 large-9\"  >\n\t\t\t\t<div class=\"col-inner dark\"  >\n\t\t\t\n\t\t\t\n\n\t<div id=\"text-2805370502\" class=\"text hidden\">\n\t\t\n\n<h4 class=\"mb-0\" style=\"text-align: right;\"><strong>(844) 230-7676<\/strong><\/h4>\n\t\t\n<style>\n#text-2805370502 {\n  font-size: 1rem;\n  text-align: right;\n}\n@media (min-width:550px) {\n  #text-2805370502 {\n    font-size: 2.2rem;\n  }\n}\n<\/style>\n\t<\/div>\n\t\n\n\t\t<\/div>\n\t\t\t\t\t<\/div>\n\n\t\n\n<\/div>\n\n\t\t<\/div>\n\t\t\t\t\n<style>\n#col-1907002726 > .col-inner {\n  padding: 20px 0px 0px 0px;\n}\n<\/style>\n\t<\/div>\n\n\t\n\n<\/div>\n\t<div id=\"gap-1134032059\" class=\"gap-element clearfix\" style=\"display:block; height:auto;\">\n\t\t\n<style>\n#gap-1134032059 {\n  padding-top: 30px;\n}\n<\/style>\n\t<\/div>\n\t\n\n<div class=\"row align-middle\" style=\"max-width:1200px\" id=\"row-277836711\">\n\n\n\t<div id=\"col-129233931\" class=\"col medium-6 small-12 large-6\"  >\n\t\t\t\t<div class=\"col-inner dark\"  >\n\t\t\t\n\t\t\t\n\n\t<div id=\"text-3885028754\" class=\"text\">\n\t\t\n\n\n\t\t\n<style>\n#text-3885028754 {\n  font-size: 1rem;\n}\n@media (min-width:550px) {\n  #text-3885028754 {\n    font-size: 1.1rem;\n  }\n}\n<\/style>\n\t<\/div>\n\t\n\t<div id=\"text-2972495832\" class=\"text\">\n\t\t\n\n<h1 class=\"mb-0\" style=\"line-height: 1;\"><span data-text-color=\"primary\" data-line-height=\"xs\"><strong>RoundUp Updates<\/strong><\/span><\/h1>\n\t\t\n<style>\n#text-2972495832 {\n  font-size: 1rem;\n  line-height: 0.75;\n}\n@media (min-width:550px) {\n  #text-2972495832 {\n    font-size: 3.5rem;\n  }\n}\n<\/style>\n\t<\/div>\n\t\n\t<div id=\"text-4057768052\" class=\"text\">\n\t\t\n\n<h4 class=\"mb-0\"><strong>This page will be updated with new information and documents as they become available. <\/strong><\/h4>\n\t\t\n<style>\n#text-4057768052 {\n  font-size: 1rem;\n}\n@media (min-width:550px) {\n  #text-4057768052 {\n    font-size: 1.6rem;\n  }\n}\n<\/style>\n\t<\/div>\n\t\n\t<div id=\"gap-159773610\" class=\"gap-element clearfix\" style=\"display:block; height:auto;\">\n\t\t\n<style>\n#gap-159773610 {\n  padding-top: 16px;\n}\n<\/style>\n\t<\/div>\n\t\n\n\n\t\t<\/div>\n\t\t\t\t\t<\/div>\n\n\t\n\n\t<div id=\"col-174531535\" class=\"col medium-6 small-12 large-6\"  >\n\t\t\t\t<div class=\"col-inner dark\"  >\n\t\t\t\n\t\t\t\n\n\t<div id=\"text-244326368\" class=\"text\">\n\t\t\n\n\n\t\t\n<style>\n#text-244326368 {\n  font-size: 1.1rem;\n}\n<\/style>\n\t<\/div>\n\t\n<p><strong>You may have seen reports that a proposed class action settlement involving Roundup\/glyphosate claims was filed on February 17, 2026.<\/strong><\/p>\n<p>At this time, the filing represents only a proposal. It has not been approved by any court, and it will undergo judicial review before any determination is made regarding its validity, scope, or effect.<\/p>\n<p><strong>We are carefully reviewing the filed materials to evaluate what this proposal may mean for our clients.<\/strong> Settlements of this size and complexity often include detailed provisions that require close analysis to determine how they apply to different categories of claimants.<\/p>\n<p>Please be assured:<\/p>\n<ol>\n<li style=\"list-style-type: none;\">\n<ol>\n<li>Your individual claim remains active.<\/li>\n<li>No rights have been waived.<\/li>\n<li>No action is required from you at this time.<\/li>\n<\/ol>\n<\/li>\n<\/ol>\n<p>Our team is evaluating all available options to ensure that our clients\u2019 interests are fully protected. If any decision, deadline, or action becomes necessary, we will contact you promptly with clear guidance.<\/p>\n<p>As always, our priority is protecting your rights and pursuing the best possible outcome for your individual claim. We will continue to monitor developments closely.<\/p>\n\n\t\t<\/div>\n\t\t\t\t\n<style>\n#col-174531535 > .col-inner {\n  padding: 30px 30px 30px 30px;\n}\n<\/style>\n\t<\/div>\n\n\t\n\n<\/div>\n\n\t\t<\/div>\n\n\t\t\n<style>\n#section_1879218362 {\n  padding-top: 50px;\n  padding-bottom: 50px;\n  background-color: rgb(0, 42, 92);\n}\n#section_1879218362 .section-bg-overlay {\n  background-color: rgba(0, 42, 92, 0.855);\n}\n<\/style>\n\t<\/section>\n\t\n\n\n<style>\n\n.fixed-header{\nbackground-color: #122b5cf2;\n z-index: 9999;\n top: 0;\nposition: fixed;\n}\n\n.fixed-header .row {\nmargin: auto!important;\n}\n\n.fixed-container{\n z-index: 9999;\n}\n\n<\/style>\n\n\n\t<section class=\"section\" id=\"section_1536733340\">\n\t\t<div class=\"section-bg fill\" >\n\t\t\t\t\t\t\t\t\t\n\t\t\t\n\n\t\t<\/div>\n\n\t\t\n\n\t\t<div class=\"section-content relative\">\n\t\t\t\n\n<div class=\"row\"  id=\"row-1625822057\">\n\n\n\t<div id=\"col-2020952935\" class=\"col small-12 large-12\"  >\n\t\t\t\t<div class=\"col-inner dark\"  >\n\t\t\t\n\t\t\t\n\n\t<div id=\"text-2477544602\" class=\"text\">\n\t\t\n\n<p class=\"p1\" style=\"text-align: left;\"><span class=\"s1\">Napoli Shkolnik \u00a9 2025. All Rights Reserved. | <a href=\"https:\/\/www.napolilaw.com\/privacy-policy\/\"><span class=\"s2\">Pol\u00edtica de privacidad<\/span><\/a>\u00a0|\u00a0<a href=\"https:\/\/www.napolilaw.com\/terms-of-use\/\"><span class=\"s2\">Condiciones de uso<\/span><\/a><\/span><\/p>\n<p class=\"p1\" style=\"text-align: left;\"><span class=\"s1\">Napoli Shkolnik es una marca registrada de NSPR Legal Services LLC, una corporaci\u00f3n de responsabilidad limitada de Puerto Rico.<\/span><\/p>\n<p class=\"p1\" style=\"text-align: left;\"><span class=\"s1\">Publicidad de abogados. La informaci\u00f3n en este sitio web es solo para fines de informaci\u00f3n general. Nada en este sitio debe tomarse como consejo legal para ning\u00fan caso o situaci\u00f3n individual. Esta informaci\u00f3n no tiene la intenci\u00f3n de crear, y su recepci\u00f3n o visualizaci\u00f3n no constituye una relaci\u00f3n abogado-cliente. Los resultados anteriores mencionados en este sitio no garantizan resultados futuros.<\/span><\/p>\n\t\t\n<style>\n#text-2477544602 {\n  font-size: 0.75rem;\n  text-align: center;\n}\n<\/style>\n\t<\/div>\n\t\n\n\t\t<\/div>\n\t\t\t\t\t<\/div>\n\n\t\n\n<\/div>\n\n\t\t<\/div>\n\n\t\t\n<style>\n#section_1536733340 {\n  padding-top: 30px;\n  padding-bottom: 30px;\n  background-color: #002a5c;\n}\n<\/style>\n\t<\/section>","protected":false},"excerpt":{"rendered":"","protected":false},"author":3,"featured_media":0,"parent":0,"menu_order":0,"comment_status":"closed","ping_status":"closed","template":"page-blank-landingpage.php","meta":{"_acf_changed":false,"inline_featured_image":false,"footnotes":""},"class_list":["post-21104","page","type-page","status-publish","hentry"],"acf":[],"page_builder_type":"gutenberg","gutenberg_data":[],"_links":{"self":[{"href":"https:\/\/www.napolilaw.com\/es\/wp-json\/wp\/v2\/pages\/21104","targetHints":{"allow":["GET"]}}],"collection":[{"href":"https:\/\/www.napolilaw.com\/es\/wp-json\/wp\/v2\/pages"}],"about":[{"href":"https:\/\/www.napolilaw.com\/es\/wp-json\/wp\/v2\/types\/page"}],"author":[{"embeddable":true,"href":"https:\/\/www.napolilaw.com\/es\/wp-json\/wp\/v2\/users\/3"}],"replies":[{"embeddable":true,"href":"https:\/\/www.napolilaw.com\/es\/wp-json\/wp\/v2\/comments?post=21104"}],"version-history":[{"count":0,"href":"https:\/\/www.napolilaw.com\/es\/wp-json\/wp\/v2\/pages\/21104\/revisions"}],"wp:attachment":[{"href":"https:\/\/www.napolilaw.com\/es\/wp-json\/wp\/v2\/media?parent=21104"}],"curies":[{"name":"wp","href":"https:\/\/api.w.org\/{rel}","templated":true}]}}